{"id":486,"date":"2023-09-09T22:39:55","date_gmt":"2023-09-09T20:39:55","guid":{"rendered":"https:\/\/bonnetot.fr\/?page_id=486"},"modified":"2023-09-09T22:46:52","modified_gmt":"2023-09-09T20:46:52","slug":"a-propos","status":"publish","type":"page","link":"https:\/\/bonnetot.fr\/index.php\/a-propos\/","title":{"rendered":"\u00c0 propos"},"content":{"rendered":"\n<p>Je m&rsquo;appelle Jean-Daniel Bonnetot. Il fut une \u00e9poque o\u00f9 je prenais le temps de faire quelques photos, ce site expose ce qui reste de cette p\u00e9riode.<\/p>\n\n\n<div class=\"wp-block-image\">\n<figure class=\"aligncenter size-large\"><img loading=\"lazy\" decoding=\"async\" width=\"683\" height=\"1024\" src=\"https:\/\/bonnetot.fr\/wp-content\/uploads\/2023\/09\/portrait-jdb-bw-683x1024.jpg\" alt=\"\" class=\"wp-image-489\" srcset=\"https:\/\/bonnetot.fr\/wp-content\/uploads\/2023\/09\/portrait-jdb-bw-683x1024.jpg 683w, https:\/\/bonnetot.fr\/wp-content\/uploads\/2023\/09\/portrait-jdb-bw-200x300.jpg 200w, https:\/\/bonnetot.fr\/wp-content\/uploads\/2023\/09\/portrait-jdb-bw-768x1152.jpg 768w, https:\/\/bonnetot.fr\/wp-content\/uploads\/2023\/09\/portrait-jdb-bw-1024x1536.jpg 1024w, https:\/\/bonnetot.fr\/wp-content\/uploads\/2023\/09\/portrait-jdb-bw-1365x2048.jpg 1365w, https:\/\/bonnetot.fr\/wp-content\/uploads\/2023\/09\/portrait-jdb-bw-scaled.jpg 1707w\" sizes=\"auto, (max-width: 683px) 100vw, 683px\" \/><\/figure>\n<\/div>","protected":false},"excerpt":{"rendered":"<p>Je m&rsquo;appelle Jean-Daniel Bonnetot. Il fut une \u00e9poque o\u00f9 je prenais le temps de faire quelques photos, ce site expose ce qui reste de cette p\u00e9riode.<\/p>\n","protected":false},"author":1,"featured_media":0,"parent":0,"menu_order":0,"comment_status":"closed","ping_status":"closed","template":"templates\/no-sidebar.php","meta":{"footnotes":""},"class_list":["post-486","page","type-page","status-publish","hentry"],"yoast_head":"<!-- This site is optimized with the Yoast SEO plugin v21.1 - https:\/\/yoast.com\/wordpress\/plugins\/seo\/ -->\n<title>\u00c0 propos &gt; JDB Photographie<\/title>\n<meta name=\"robots\" content=\"index, follow, max-snippet:-1, max-image-preview:large, max-video-preview:-1\" \/>\n<link rel=\"canonical\" href=\"https:\/\/bonnetot.fr\/index.php\/a-propos\/\" \/>\n<meta property=\"og:locale\" content=\"fr_FR\" \/>\n<meta property=\"og:type\" content=\"article\" \/>\n<meta property=\"og:title\" content=\"\u00c0 propos &gt; JDB Photographie\" \/>\n<meta property=\"og:description\" content=\"Je m&rsquo;appelle Jean-Daniel Bonnetot. Il fut une \u00e9poque o\u00f9 je prenais le temps de faire quelques photos, ce site expose ce qui reste de cette p\u00e9riode.\" \/>\n<meta property=\"og:url\" content=\"https:\/\/bonnetot.fr\/index.php\/a-propos\/\" \/>\n<meta property=\"og:site_name\" content=\"JDB Photographie\" \/>\n<meta property=\"article:modified_time\" content=\"2023-09-09T20:46:52+00:00\" \/>\n<meta property=\"og:image\" content=\"https:\/\/bonnetot.fr\/wp-content\/uploads\/2023\/09\/portrait-jdb-bw-683x1024.jpg\" \/>\n<meta name=\"twitter:card\" content=\"summary_large_image\" \/>\n<script type=\"application\/ld+json\" class=\"yoast-schema-graph\">{\"@context\":\"https:\/\/schema.org\",\"@graph\":[{\"@type\":\"WebPage\",\"@id\":\"https:\/\/bonnetot.fr\/index.php\/a-propos\/\",\"url\":\"https:\/\/bonnetot.fr\/index.php\/a-propos\/\",\"name\":\"\u00c0 propos &gt; JDB Photographie\",\"isPartOf\":{\"@id\":\"https:\/\/bonnetot.fr\/#website\"},\"datePublished\":\"2023-09-09T20:39:55+00:00\",\"dateModified\":\"2023-09-09T20:46:52+00:00\",\"breadcrumb\":{\"@id\":\"https:\/\/bonnetot.fr\/index.php\/a-propos\/#breadcrumb\"},\"inLanguage\":\"fr-FR\",\"potentialAction\":[{\"@type\":\"ReadAction\",\"target\":[\"https:\/\/bonnetot.fr\/index.php\/a-propos\/\"]}]},{\"@type\":\"BreadcrumbList\",\"@id\":\"https:\/\/bonnetot.fr\/index.php\/a-propos\/#breadcrumb\",\"itemListElement\":[{\"@type\":\"ListItem\",\"position\":1,\"name\":\"Accueil\",\"item\":\"https:\/\/bonnetot.fr\/\"},{\"@type\":\"ListItem\",\"position\":2,\"name\":\"\u00c0 propos\"}]},{\"@type\":\"WebSite\",\"@id\":\"https:\/\/bonnetot.fr\/#website\",\"url\":\"https:\/\/bonnetot.fr\/\",\"name\":\"JDB Photographie\",\"description\":\"\",\"publisher\":{\"@id\":\"https:\/\/bonnetot.fr\/#\/schema\/person\/89331fdf231b1c891d01f2b229caaa0b\"},\"potentialAction\":[{\"@type\":\"SearchAction\",\"target\":{\"@type\":\"EntryPoint\",\"urlTemplate\":\"https:\/\/bonnetot.fr\/?s={search_term_string}\"},\"query-input\":\"required name=search_term_string\"}],\"inLanguage\":\"fr-FR\"},{\"@type\":[\"Person\",\"Organization\"],\"@id\":\"https:\/\/bonnetot.fr\/#\/schema\/person\/89331fdf231b1c891d01f2b229caaa0b\",\"name\":\"jean-daniel\",\"image\":{\"@type\":\"ImageObject\",\"inLanguage\":\"fr-FR\",\"@id\":\"https:\/\/bonnetot.fr\/#\/schema\/person\/image\/\",\"url\":\"https:\/\/bonnetot.fr\/wp-content\/uploads\/2023\/09\/portrait-jdb-bw-scaled.jpg\",\"contentUrl\":\"https:\/\/bonnetot.fr\/wp-content\/uploads\/2023\/09\/portrait-jdb-bw-scaled.jpg\",\"width\":1707,\"height\":2560,\"caption\":\"jean-daniel\"},\"logo\":{\"@id\":\"https:\/\/bonnetot.fr\/#\/schema\/person\/image\/\"},\"sameAs\":[\"https:\/\/bonnetot.fr\"]}]}<\/script>\n<!-- \/ Yoast SEO plugin. -->","yoast_head_json":{"title":"\u00c0 propos &gt; JDB Photographie","robots":{"index":"index","follow":"follow","max-snippet":"max-snippet:-1","max-image-preview":"max-image-preview:large","max-video-preview":"max-video-preview:-1"},"canonical":"https:\/\/bonnetot.fr\/index.php\/a-propos\/","og_locale":"fr_FR","og_type":"article","og_title":"\u00c0 propos &gt; JDB Photographie","og_description":"Je m&rsquo;appelle Jean-Daniel Bonnetot. Il fut une \u00e9poque o\u00f9 je prenais le temps de faire quelques photos, ce site expose ce qui reste de cette p\u00e9riode.","og_url":"https:\/\/bonnetot.fr\/index.php\/a-propos\/","og_site_name":"JDB Photographie","article_modified_time":"2023-09-09T20:46:52+00:00","og_image":[{"url":"https:\/\/bonnetot.fr\/wp-content\/uploads\/2023\/09\/portrait-jdb-bw-683x1024.jpg"}],"twitter_card":"summary_large_image","schema":{"@context":"https:\/\/schema.org","@graph":[{"@type":"WebPage","@id":"https:\/\/bonnetot.fr\/index.php\/a-propos\/","url":"https:\/\/bonnetot.fr\/index.php\/a-propos\/","name":"\u00c0 propos &gt; JDB Photographie","isPartOf":{"@id":"https:\/\/bonnetot.fr\/#website"},"datePublished":"2023-09-09T20:39:55+00:00","dateModified":"2023-09-09T20:46:52+00:00","breadcrumb":{"@id":"https:\/\/bonnetot.fr\/index.php\/a-propos\/#breadcrumb"},"inLanguage":"fr-FR","potentialAction":[{"@type":"ReadAction","target":["https:\/\/bonnetot.fr\/index.php\/a-propos\/"]}]},{"@type":"BreadcrumbList","@id":"https:\/\/bonnetot.fr\/index.php\/a-propos\/#breadcrumb","itemListElement":[{"@type":"ListItem","position":1,"name":"Accueil","item":"https:\/\/bonnetot.fr\/"},{"@type":"ListItem","position":2,"name":"\u00c0 propos"}]},{"@type":"WebSite","@id":"https:\/\/bonnetot.fr\/#website","url":"https:\/\/bonnetot.fr\/","name":"JDB Photographie","description":"","publisher":{"@id":"https:\/\/bonnetot.fr\/#\/schema\/person\/89331fdf231b1c891d01f2b229caaa0b"},"potentialAction":[{"@type":"SearchAction","target":{"@type":"EntryPoint","urlTemplate":"https:\/\/bonnetot.fr\/?s={search_term_string}"},"query-input":"required name=search_term_string"}],"inLanguage":"fr-FR"},{"@type":["Person","Organization"],"@id":"https:\/\/bonnetot.fr\/#\/schema\/person\/89331fdf231b1c891d01f2b229caaa0b","name":"jean-daniel","image":{"@type":"ImageObject","inLanguage":"fr-FR","@id":"https:\/\/bonnetot.fr\/#\/schema\/person\/image\/","url":"https:\/\/bonnetot.fr\/wp-content\/uploads\/2023\/09\/portrait-jdb-bw-scaled.jpg","contentUrl":"https:\/\/bonnetot.fr\/wp-content\/uploads\/2023\/09\/portrait-jdb-bw-scaled.jpg","width":1707,"height":2560,"caption":"jean-daniel"},"logo":{"@id":"https:\/\/bonnetot.fr\/#\/schema\/person\/image\/"},"sameAs":["https:\/\/bonnetot.fr"]}]}},"_links":{"self":[{"href":"https:\/\/bonnetot.fr\/index.php\/wp-json\/wp\/v2\/pages\/486","targetHints":{"allow":["GET"]}}],"collection":[{"href":"https:\/\/bonnetot.fr\/index.php\/wp-json\/wp\/v2\/pages"}],"about":[{"href":"https:\/\/bonnetot.fr\/index.php\/wp-json\/wp\/v2\/types\/page"}],"author":[{"embeddable":true,"href":"https:\/\/bonnetot.fr\/index.php\/wp-json\/wp\/v2\/users\/1"}],"replies":[{"embeddable":true,"href":"https:\/\/bonnetot.fr\/index.php\/wp-json\/wp\/v2\/comments?post=486"}],"version-history":[{"count":3,"href":"https:\/\/bonnetot.fr\/index.php\/wp-json\/wp\/v2\/pages\/486\/revisions"}],"predecessor-version":[{"id":493,"href":"https:\/\/bonnetot.fr\/index.php\/wp-json\/wp\/v2\/pages\/486\/revisions\/493"}],"wp:attachment":[{"href":"https:\/\/bonnetot.fr\/index.php\/wp-json\/wp\/v2\/media?parent=486"}],"curies":[{"name":"wp","href":"https:\/\/api.w.org\/{rel}","templated":true}]}}